{"id":30,"date":"2024-01-01T17:44:51","date_gmt":"2024-01-01T14:44:51","guid":{"rendered":"https:\/\/www.lise.org.tr\/?page_id=30"},"modified":"2024-01-01T17:44:51","modified_gmt":"2024-01-01T14:44:51","slug":"hakkimizda","status":"publish","type":"page","link":"https:\/\/www.lise.org.tr\/index.php\/hakkimizda\/","title":{"rendered":"Hakk\u0131m\u0131zda"},"content":{"rendered":"<h4><strong>Merhaba Arkada\u015flar! Biz Pema Fen Lisesi&#8217;nin 9. s\u0131n\u0131f \u00f6\u011frencileriyiz ve size hayat\u0131m\u0131zdan bahsetmek istiyoruz!<\/strong><\/h4>\n<p>Hayat\u0131m\u0131z\u0131n bu heyecan verici d\u00f6neminde, s\u0131k\u0131c\u0131 rutinlerden b\u0131k\u0131p, farkl\u0131 bir pencereden bakmaya karar verdik. Evet, biz tekd\u00fczeli\u011fin kli\u015fe s\u0131k\u0131c\u0131l\u0131\u011f\u0131ndan s\u0131yr\u0131l\u0131p, sosyal hayat\u0131m\u0131za renk katmak, kendimizi geli\u015ftirmek ve keyifli vakit ge\u00e7irmek istedik. \u0130\u015fte tam da bu noktada, hayat\u0131m\u0131za dokunan bir platformla tan\u0131\u015ft\u0131k.<\/p>\n<h4><strong>Konya&#8217;n\u0131n Enerjisiyle Bulu\u015ftuk<\/strong><\/h4>\n<p>Konya&#8217;da ya\u015f\u0131yor olman\u0131n avantaj\u0131n\u0131 kullanarak, \u015fehrimizin enerjisini ve potansiyelini ke\u015ffetmeye karar verdik. Sitede payla\u015f\u0131lan etkinlik takvimleri sayesinde, \u015fehrimizdeki konserlerden, workshoplara, sergilere kadar bir\u00e7ok etkinli\u011fi takip edip birlikte kat\u0131ld\u0131k. Sosyal hayat\u0131m\u0131z renklendi, yeni dostluklar kurduk ve unutulmaz an\u0131lar biriktirdik.<\/p>\n<h4><strong>Pema Fen Lisesi&#8217;nde Bir Aile Gibiyiz<\/strong><\/h4>\n<p>Okulumuz, Pema Fen Lisesi, sadece e\u011fitim a\u00e7\u0131s\u0131ndan de\u011fil, ayn\u0131 zamanda bir aile gibi hissetti\u011fimiz bir yer. Sitede yaz\u0131lar\u0131m\u0131z\u0131 payla\u015farak, s\u0131n\u0131f arkada\u015flar\u0131m\u0131zla deneyimlerimizi ve d\u00fc\u015f\u00fcncelerimizi payla\u015f\u0131yoruz. Birbirimize destek oluyor, birlikte g\u00fczel projelere imza at\u0131yoruz.<\/p>\n<h4><strong>E\u011fitim ve Geli\u015fim \u0130stiyoruz!<\/strong><\/h4>\n<p>Sadece sosyal etkinliklerle yetinmiyor, ayn\u0131 zamanda kendimizi e\u011fitim ve geli\u015fim konusunda da ilerletiyoruz. Sitedeki yaz\u0131lar, makaleler ve e\u011fitim i\u00e7erikleri, bize farkl\u0131 bak\u0131\u015f a\u00e7\u0131lar\u0131 kazand\u0131r\u0131yor, bilgi d\u00fczeyimizi artt\u0131r\u0131yor ve gelece\u011fe daha donan\u0131ml\u0131 ad\u0131mlarla ilerlememize yard\u0131mc\u0131 oluyor.<\/p>\n<h4><strong>Bu Platform, Bizim Platformumuz!<\/strong><\/h4>\n<p>\u0130\u015fte tam da bu nedenle bu platform bizim i\u00e7in \u00e7ok \u00f6zel. Sosyal hayat\u0131m\u0131z\u0131 renklendirdi, e\u011fitimimize katk\u0131 sa\u011flad\u0131 ve en \u00f6nemlisi, bir araya gelmemizi sa\u011flad\u0131. Biz, Konya&#8217;da ya\u015fayan Pema Fen Lisesi&#8217;nin 9. s\u0131n\u0131f \u00f6\u011frencileri olarak, bu platformun bir par\u00e7as\u0131 olmaktan dolay\u0131 gurur duyuyoruz. Siz de bize kat\u0131l\u0131n, birlikte b\u00fcy\u00fcyelim, \u00f6\u011frenelim ve en \u00f6nemlisi e\u011flenelim!<\/p>\n<h6><strong>G\u00f6r\u00fc\u015fmek \u00dczere!<\/strong><\/h6>\n","protected":false},"excerpt":{"rendered":"<p>Merhaba Arkada\u015flar! Biz Pema Fen Lisesi&#8217;nin 9. s\u0131n\u0131f \u00f6\u011frencileriyiz ve size hayat\u0131m\u0131zdan bahsetmek istiyoruz! Hayat\u0131m\u0131z\u0131n bu heyecan verici d\u00f6neminde, s\u0131k\u0131c\u0131 rutinlerden b\u0131k\u0131p, farkl\u0131 bir pencereden bakmaya karar verdik. Evet, biz tekd\u00fczeli\u011fin kli\u015fe s\u0131k\u0131c\u0131l\u0131\u011f\u0131ndan s\u0131yr\u0131l\u0131p, sosyal hayat\u0131m\u0131za renk katmak, kendimizi geli\u015ftirmek ve keyifli vakit ge\u00e7irmek istedik. \u0130\u015fte tam da bu noktada, hayat\u0131m\u0131za dokunan bir platformla tan\u0131\u015ft\u0131k. [&hellip;]<\/p>\n","protected":false},"author":1,"featured_media":0,"parent":0,"menu_order":0,"comment_status":"closed","ping_status":"closed","template":"","meta":{"footnotes":""},"_links":{"self":[{"href":"https:\/\/www.lise.org.tr\/index.php\/wp-json\/wp\/v2\/pages\/30"}],"collection":[{"href":"https:\/\/www.lise.org.tr\/index.php\/wp-json\/wp\/v2\/pages"}],"about":[{"href":"https:\/\/www.lise.org.tr\/index.php\/wp-json\/wp\/v2\/types\/page"}],"author":[{"embeddable":true,"href":"https:\/\/www.lise.org.tr\/index.php\/wp-json\/wp\/v2\/users\/1"}],"replies":[{"embeddable":true,"href":"https:\/\/www.lise.org.tr\/index.php\/wp-json\/wp\/v2\/comments?post=30"}],"version-history":[{"count":0,"href":"https:\/\/www.lise.org.tr\/index.php\/wp-json\/wp\/v2\/pages\/30\/revisions"}],"wp:attachment":[{"href":"https:\/\/www.lise.org.tr\/index.php\/wp-json\/wp\/v2\/media?parent=30"}],"curies":[{"name":"wp","href":"https:\/\/api.w.org\/{rel}","templated":true}]}}