{"id":34,"date":"2024-01-01T17:45:09","date_gmt":"2024-01-01T14:45:09","guid":{"rendered":"https:\/\/www.lise.org.tr\/?page_id=34"},"modified":"2024-01-01T17:45:09","modified_gmt":"2024-01-01T14:45:09","slug":"iletisim","status":"publish","type":"page","link":"https:\/\/www.lise.org.tr\/index.php\/iletisim\/","title":{"rendered":"\u0130leti\u015fim"},"content":{"rendered":"<h4><strong>\u0130leti\u015fim Sayfam\u0131za Ho\u015f Geldiniz!<\/strong><\/h4>\n<p>Sitemizle ilgili her t\u00fcrl\u00fc soru, \u00f6neri veya geri bildirimlerinizi bizimle payla\u015fmaktan \u00e7ekinmeyin! \u0130htiyac\u0131n\u0131z olan bilgilere ula\u015fmak, bize ula\u015fmak veya sadece merhaba demek i\u00e7in buraday\u0131z.<\/p>\n<h5><strong>\u0130leti\u015fim Bilgileri:\u00a0<\/strong><\/h5>\n<h6><\/h6>\n<h6><strong>E-Posta Adresi:<\/strong> <a target=\"_new\" rel=\"noopener\">info@lise.org.tr<\/a><\/h6>\n<h6><\/h6>\n<h6><strong>Sosyal Medya:<\/strong><\/h6>\n<ul>\n<li><a target=\"_new\" rel=\"noopener\">Facebook<\/a><\/li>\n<li><a target=\"_new\" rel=\"noopener\">Instagram<\/a><\/li>\n<li><a target=\"_new\" rel=\"noopener\">Twitter<\/a><\/li>\n<\/ul>\n<h6><strong>Telefon Numaras\u0131:\u00a0<\/strong><\/h6>\n<p>+90 555 555 55 55<\/p>\n<h6><strong>Posta Adresi:\u00a0<\/strong><\/h6>\n<p>info@lise.org.tr<\/p>\n<h6><strong>Sorular\u0131n\u0131z ve Geri Bildirimleriniz \u0130\u00e7in:<\/strong><\/h6>\n<p>E\u011fer sitemizle ilgili herhangi bir konuda sorunuz veya geri bildiriminiz varsa, a\u015fa\u011f\u0131daki formu kullanarak bize ula\u015fabilirsiniz. En k\u0131sa s\u00fcrede size d\u00f6n\u00fc\u015f yapaca\u011f\u0131z.<\/p>\n<p>[<strong>\u0130leti\u015fim Formu<\/strong>]<\/p>\n<p>Te\u015fekk\u00fcr ederiz,\u00a0 sab\u0131rs\u0131zl\u0131kla mesajlar\u0131n\u0131z\u0131 bekliyoruz!<\/p>\n<p><strong>Lise Ekibi<\/strong><br \/>\nPema Fen Lisesi \u00d6\u011frencileri<\/p>\n","protected":false},"excerpt":{"rendered":"<p>\u0130leti\u015fim Sayfam\u0131za Ho\u015f Geldiniz! Sitemizle ilgili her t\u00fcrl\u00fc soru, \u00f6neri veya geri bildirimlerinizi bizimle payla\u015fmaktan \u00e7ekinmeyin! \u0130htiyac\u0131n\u0131z olan bilgilere ula\u015fmak, bize ula\u015fmak veya sadece merhaba demek i\u00e7in buraday\u0131z. \u0130leti\u015fim Bilgileri:\u00a0 E-Posta Adresi: info@lise.org.tr Sosyal Medya: Facebook Instagram Twitter Telefon Numaras\u0131:\u00a0 +90 555 555 55 55 Posta Adresi:\u00a0 info@lise.org.tr Sorular\u0131n\u0131z ve Geri Bildirimleriniz \u0130\u00e7in: E\u011fer sitemizle [&hellip;]<\/p>\n","protected":false},"author":1,"featured_media":0,"parent":0,"menu_order":0,"comment_status":"closed","ping_status":"closed","template":"","meta":{"footnotes":""},"_links":{"self":[{"href":"https:\/\/www.lise.org.tr\/index.php\/wp-json\/wp\/v2\/pages\/34"}],"collection":[{"href":"https:\/\/www.lise.org.tr\/index.php\/wp-json\/wp\/v2\/pages"}],"about":[{"href":"https:\/\/www.lise.org.tr\/index.php\/wp-json\/wp\/v2\/types\/page"}],"author":[{"embeddable":true,"href":"https:\/\/www.lise.org.tr\/index.php\/wp-json\/wp\/v2\/users\/1"}],"replies":[{"embeddable":true,"href":"https:\/\/www.lise.org.tr\/index.php\/wp-json\/wp\/v2\/comments?post=34"}],"version-history":[{"count":0,"href":"https:\/\/www.lise.org.tr\/index.php\/wp-json\/wp\/v2\/pages\/34\/revisions"}],"wp:attachment":[{"href":"https:\/\/www.lise.org.tr\/index.php\/wp-json\/wp\/v2\/media?parent=34"}],"curies":[{"name":"wp","href":"https:\/\/api.w.org\/{rel}","templated":true}]}}