{"id":8,"date":"2024-01-01T16:54:36","date_gmt":"2024-01-01T13:54:36","guid":{"rendered":"https:\/\/www.lise.org.tr\/?page_id=8"},"modified":"2024-01-01T16:54:36","modified_gmt":"2024-01-01T13:54:36","slug":"ana-sayfa","status":"publish","type":"page","link":"https:\/\/www.lise.org.tr\/index.php\/ana-sayfa\/","title":{"rendered":"Ana Sayfa"},"content":{"rendered":"\n<h2 class=\"wp-block-heading has-large-font-size\"><strong>Ho\u015f Geldiniz Gen\u00e7 Arkada\u015flar!<\/strong><\/h2>\n\n\n\n<p>Merhaba Sevgili Lise \u00d6\u011frencileri!<\/p>\n\n\n\n<p>Sizler i\u00e7in \u00f6zel bir alan yaratmak \u00fczere buraday\u0131z. Hayat\u0131n\u0131za renk katmak, yeni \u015feyler ke\u015ffetmek ve e\u011flenceli zaman ge\u00e7irmek istiyorsan\u0131z do\u011fru yerdesiniz. Gen\u00e7li\u011fin enerjisiyle dolu, sizlere \u00f6zel bir platformla tan\u0131\u015fmaya haz\u0131r olun!<\/p>\n\n\n\n<h2 class=\"wp-block-heading has-medium-font-size\">&#x1f31f; <strong>E\u011flence ve \u00d6\u011frenme Bir Arada!<\/strong><\/h2>\n\n\n\n<p>Sizi s\u0131kmadan, e\u011flendirirken \u00f6\u011fretmeyi hedefliyoruz. \u0130lgin\u00e7 bilgiler, yarat\u0131c\u0131 etkinlikler ve daha fazlas\u0131 burada sizi bekliyor. E\u011flenceli quiz&#8217;lerle bilgi d\u00fczeyinizi test edebilir, interaktif \u00f6\u011frenme materyalleriyle yeni beceriler kazanabilirsiniz.<\/p>\n\n\n\n<p class=\"has-medium-font-size\">&#x1f3a8; <strong>Sanat ve K\u00fclt\u00fcr D\u00fcnyas\u0131<\/strong><\/p>\n\n\n\n<p>Sanat\u0131n b\u00fcy\u00fcl\u00fc d\u00fcnyas\u0131na birlikte dalal\u0131m! \u00d6zel sanat projeleri, k\u00fclt\u00fcrel etkinlikler ve sanat\u00e7\u0131 profilleri ile sanatla i\u00e7 i\u00e7e olabilece\u011finiz bir k\u00f6\u015fe sizleri bekliyor. Kendi yarat\u0131c\u0131l\u0131\u011f\u0131n\u0131z\u0131 ke\u015ffedin ve di\u011fer gen\u00e7 sanatseverlerle d\u00fc\u015f\u00fcncelerinizi payla\u015f\u0131n.<\/p>\n\n\n\n<p class=\"has-medium-font-size\">&#x1f4da; <strong>E\u011flenceli Blog Yaz\u0131lar\u0131<\/strong><\/p>\n\n\n\n<p>Sizi d\u00fc\u015f\u00fcnd\u00fcrecek, g\u00fcld\u00fcrecek ve ilham verecek blog yaz\u0131lar\u0131na bir g\u00f6z at\u0131n! Ya\u015fad\u0131\u011f\u0131n\u0131z an\u0131lar\u0131 payla\u015fabilece\u011finiz, ilgin\u00e7 konularda makaleler bulabilece\u011finiz bir blog d\u00fcnyas\u0131 sizi bekliyor. Hikayelerinizle bizimle etkile\u015fime ge\u00e7in ve di\u011fer lise \u00f6\u011frencileriyle deneyimlerinizi payla\u015f\u0131n.<\/p>\n\n\n\n<p class=\"has-medium-font-size\">&#x1f389; <strong>Etkinlik Takvimi<\/strong><\/p>\n\n\n\n<p>Sosyal hayat\u0131n\u0131z\u0131 renklendirmek i\u00e7in etkinlik takvimimize g\u00f6z atmay\u0131 unutmay\u0131n! Konserler, etkinlikler, workshop&#8217;lar ve daha fazlas\u0131 sizi bekliyor. Arkada\u015flar\u0131n\u0131zla birlikte kat\u0131labilir, unutulmaz an\u0131lar biriktirebilirsiniz.<\/p>\n\n\n\n<p class=\"has-medium-font-size\">&#x1f91d; <strong>Topluluk ve \u0130leti\u015fim<\/strong><\/p>\n\n\n\n<p>Di\u011fer lise \u00f6\u011frencileriyle tan\u0131\u015f\u0131n, deneyimlerinizi payla\u015f\u0131n ve birbirinize destek olun. Sosyal forumlar\u0131m\u0131zda s\u0131cak bir toplulukla ba\u011flant\u0131 kurun. Sorular\u0131n\u0131z\u0131 sorun, fikirlerinizi payla\u015f\u0131n ve birbirinize ilham verin.<\/p>\n\n\n\n<p class=\"has-medium-font-size\"><strong>Hadi, Ke\u015ffe \u00c7\u0131k\u0131n!<\/strong><\/p>\n\n\n\n<p>Biz, sizinle birlikte bu platformu b\u00fcy\u00fctmek ve daha da renklendirmek istiyoruz. Sizlerle birlikte b\u00fcy\u00fcyecek, \u00f6\u011frenecek ve e\u011flenece\u011fiz. Hadi, bu heyecanl\u0131 yolculu\u011fa kat\u0131l\u0131n, unutulmaz an\u0131lar biriktirelim!<\/p>\n\n\n\n<p><strong>[\u00dccretsiz \u00dcye Olun ve Ke\u015ffe Ba\u015flay\u0131n!]<\/strong><\/p>\n","protected":false},"excerpt":{"rendered":"<p>Ho\u015f Geldiniz Gen\u00e7 Arkada\u015flar! Merhaba Sevgili Lise \u00d6\u011frencileri! Sizler i\u00e7in \u00f6zel bir alan yaratmak \u00fczere buraday\u0131z. Hayat\u0131n\u0131za renk katmak, yeni \u015feyler ke\u015ffetmek ve e\u011flenceli zaman ge\u00e7irmek istiyorsan\u0131z do\u011fru yerdesiniz. Gen\u00e7li\u011fin enerjisiyle dolu, sizlere \u00f6zel bir platformla tan\u0131\u015fmaya haz\u0131r olun! &#x1f31f; E\u011flence ve \u00d6\u011frenme Bir Arada! Sizi s\u0131kmadan, e\u011flendirirken \u00f6\u011fretmeyi hedefliyoruz. \u0130lgin\u00e7 bilgiler, yarat\u0131c\u0131 etkinlikler ve [&hellip;]<\/p>\n","protected":false},"author":1,"featured_media":0,"parent":0,"menu_order":0,"comment_status":"closed","ping_status":"closed","template":"","meta":{"footnotes":""},"_links":{"self":[{"href":"https:\/\/www.lise.org.tr\/index.php\/wp-json\/wp\/v2\/pages\/8"}],"collection":[{"href":"https:\/\/www.lise.org.tr\/index.php\/wp-json\/wp\/v2\/pages"}],"about":[{"href":"https:\/\/www.lise.org.tr\/index.php\/wp-json\/wp\/v2\/types\/page"}],"author":[{"embeddable":true,"href":"https:\/\/www.lise.org.tr\/index.php\/wp-json\/wp\/v2\/users\/1"}],"replies":[{"embeddable":true,"href":"https:\/\/www.lise.org.tr\/index.php\/wp-json\/wp\/v2\/comments?post=8"}],"version-history":[{"count":0,"href":"https:\/\/www.lise.org.tr\/index.php\/wp-json\/wp\/v2\/pages\/8\/revisions"}],"wp:attachment":[{"href":"https:\/\/www.lise.org.tr\/index.php\/wp-json\/wp\/v2\/media?parent=8"}],"curies":[{"name":"wp","href":"https:\/\/api.w.org\/{rel}","templated":true}]}}